{"id":3154,"date":"2021-03-26T02:29:14","date_gmt":"2021-03-26T00:29:14","guid":{"rendered":"http:\/\/www.valmiera.adventisti.lv\/?page_id=3154"},"modified":"2023-09-25T11:20:17","modified_gmt":"2023-09-25T09:20:17","slug":"zoom","status":"publish","type":"page","link":"https:\/\/www.valmiera.adventisti.lv\/?page_id=3154","title":{"rendered":"ZOOM"},"content":{"rendered":"<p>M\u016bsu Zoom san\u0101ksmju laiki: sestdien\u0101s plkst. 10:00 sabatskola. Piesl\u0113g\u0161an\u0101s caur saiti<br \/>\n<a href=\"https:\/\/us02web.zoom.us\/j\/2762872220?pwd=dU5TUjdGWWxsMVpIRkVYU2ZmYjFzQT09\" target=\"_blanc\" rel=\"noopener\"><span style=\"color: #ff0000;\">Spiediet \u0161eit<\/span><\/a><br \/>\nvai manu\u0101li Zoom lietotn\u0113, ievadot m\u016bsu san\u0101ksmju past\u0101v\u012bgo ID numuru 2762872220 un paroli ne3mgb. Diem\u017e\u0113l pagaid\u0101m uz nenoteiktu laiku neb\u016bs iesp\u0113jams piesl\u0113gties ar telefona zvanu (bez interneta).<\/p>\n","protected":false},"excerpt":{"rendered":"<p>M\u016bsu Zoom san\u0101ksmju laiki: sestdien\u0101s plkst. 10:00 sabatskola. Piesl\u0113g\u0161an\u0101s caur saiti Spiediet \u0161eit vai manu\u0101li Zoom lietotn\u0113, ievadot m\u016bsu san\u0101ksmju past\u0101v\u012bgo ID numuru 2762872220 un paroli ne3mgb. Diem\u017e\u0113l pagaid\u0101m uz nenoteiktu laiku neb\u016bs iesp\u0113jams piesl\u0113gties ar telefona zvanu (bez interneta).<\/p>\n","protected":false},"author":5,"featured_media":0,"parent":0,"menu_order":0,"comment_status":"closed","ping_status":"closed","template":"","meta":{"jetpack_post_was_ever_published":false,"footnotes":""},"class_list":["post-3154","page","type-page","status-publish","hentry"],"jetpack_shortlink":"https:\/\/wp.me\/PcEKB-OS","jetpack_sharing_enabled":true,"_links":{"self":[{"href":"https:\/\/www.valmiera.adventisti.lv\/index.php?rest_route=\/wp\/v2\/pages\/3154","targetHints":{"allow":["GET"]}}],"collection":[{"href":"https:\/\/www.valmiera.adventisti.lv\/index.php?rest_route=\/wp\/v2\/pages"}],"about":[{"href":"https:\/\/www.valmiera.adventisti.lv\/index.php?rest_route=\/wp\/v2\/types\/page"}],"author":[{"embeddable":true,"href":"https:\/\/www.valmiera.adventisti.lv\/index.php?rest_route=\/wp\/v2\/users\/5"}],"replies":[{"embeddable":true,"href":"https:\/\/www.valmiera.adventisti.lv\/index.php?rest_route=%2Fwp%2Fv2%2Fcomments&post=3154"}],"version-history":[{"count":9,"href":"https:\/\/www.valmiera.adventisti.lv\/index.php?rest_route=\/wp\/v2\/pages\/3154\/revisions"}],"predecessor-version":[{"id":3835,"href":"https:\/\/www.valmiera.adventisti.lv\/index.php?rest_route=\/wp\/v2\/pages\/3154\/revisions\/3835"}],"wp:attachment":[{"href":"https:\/\/www.valmiera.adventisti.lv\/index.php?rest_route=%2Fwp%2Fv2%2Fmedia&parent=3154"}],"curies":[{"name":"wp","href":"https:\/\/api.w.org\/{rel}","templated":true}]}}